{"id":542,"date":"2017-07-06T11:29:54","date_gmt":"2017-07-06T11:29:54","guid":{"rendered":"http:\/\/playingup.de\/?page_id=542"},"modified":"2024-03-26T13:22:59","modified_gmt":"2024-03-26T13:22:59","slug":"termine","status":"publish","type":"page","link":"https:\/\/playingup.de\/?page_id=542","title":{"rendered":"TERMINE"},"content":{"rendered":"<div id=\"pl-542\"  class=\"panel-layout\" ><div id=\"pg-542-0\"  class=\"panel-grid panel-has-style\" ><div class=\"siteorigin-panels-stretch panel-row-style panel-row-style-for-542-0\" data-stretch-type=\"full-stretched\" ><div id=\"pgc-542-0-0\"  class=\"panel-grid-cell\" ><div id=\"panel-542-0-0-0\" class=\"so-panel widget widget_sow-hero panel-first-child panel-last-child\" data-index=\"0\" ><div class=\"panel-widget-style panel-widget-style-for-542-0-0-0\" ><div class=\"so-widget-sow-hero so-widget-sow-hero-default-f67d50f23a24 so-widget-fittext-wrapper\"><div class=\"sow-slider-base \" style=\"display: none\"><ul class=\"sow-slider-images\" data-settings=\"{&quot;pagination&quot;:true,&quot;speed&quot;:800,&quot;timeout&quot;:8000,&quot;swipe&quot;:true,&quot;nav_always_show_mobile&quot;:&quot;&quot;,&quot;breakpoint&quot;:&quot;780px&quot;}\">\t\t<li class=\"sow-slider-image  sow-slider-image-cover\" style=\"background-color: #333333;background-image: url(https:\/\/playingup.de\/wp-content\/uploads\/2017\/07\/termine_wp.jpg)\" >\n\t\t\t\t\t<div class=\"sow-slider-image-container\">\n\t\t\t<div class=\"sow-slider-image-wrapper\">\n\t\t\t\t<h1 style=\"text-align: center\">TERMINE<\/h1>\t\t\t<\/div>\n\t\t<\/div>\n\t\t\t\t<\/li>\n\t\t<\/ul>\t\t\t\t<ol class=\"sow-slider-pagination\">\n\t\t\t\t\t\t\t\t\t\t\t<li><a href=\"#\" data-goto=\"0\" aria-label=\"display slide 1\">1<\/a><\/li>\n\t\t\t\t\t\t\t\t\t<\/ol>\n\n\t\t\t\t<div class=\"sow-slide-nav sow-slide-nav-next\">\n\t\t\t\t\t<a href=\"#\" data-goto=\"next\" aria-label=\"next slide\" data-action=\"next\">\n\t\t\t\t\t\t<em class=\"sow-sld-icon-thick-rounded-right\"><\/em>\n\t\t\t\t\t<\/a>\n\t\t\t\t<\/div>\n\n\t\t\t\t<div class=\"sow-slide-nav sow-slide-nav-prev\">\n\t\t\t\t\t<a href=\"#\" data-goto=\"previous\" aria-label=\"previous slide\" data-action=\"prev\">\n\t\t\t\t\t\t<em class=\"sow-sld-icon-thick-rounded-left\"><\/em>\n\t\t\t\t\t<\/a>\n\t\t\t\t<\/div>\n\t\t\t\t<\/div><\/div><\/div><\/div><\/div><\/div><\/div><div id=\"pg-542-1\"  class=\"panel-grid panel-has-style\" ><div class=\"panel-row-style panel-row-style-for-542-1\" ><div id=\"pgc-542-1-0\"  class=\"panel-grid-cell\" ><div id=\"panel-542-1-0-0\" class=\"so-panel widget widget_sow-headline panel-first-child panel-last-child\" data-index=\"1\" ><div class=\"panel-widget-style panel-widget-style-for-542-1-0-0\" ><div class=\"so-widget-sow-headline so-widget-sow-headline-default-2a4ce280557b\"><div class=\"sow-headline-container \">\n\t<h1 class='sow-headline'>PLAYING UP das ist Performancekunst f\u00fcr alle zum Selbermachen, in \u00f6ffentlichen PLAY INs spielen Familien, Freunde, Kinder und Erwachsene PLAYING UP zusammen \u2013 im Theater, im Museum und im \u00f6ffentlichen Raum. Einfach vorbeikommen und losspielen! PLAY INs sind kostenlos. <\/h1><h3 class='sow-sub-headline'>Kulturinstitutionen, die ein \u00f6ffentliches PLAY IN veranstalten wollen, melden sich unter: \u00a0  post@fundus-theater.de<\/h3><\/div><\/div><\/div><\/div><\/div><\/div><\/div><div id=\"pg-542-2\"  class=\"panel-grid panel-has-style\" ><div class=\"panel-row-style panel-row-style-for-542-2\" ><div id=\"pgc-542-2-0\"  class=\"panel-grid-cell\" ><div id=\"panel-542-2-0-0\" class=\"so-panel widget widget_sow-headline panel-first-child\" data-index=\"2\" ><div class=\"panel-widget-style panel-widget-style-for-542-2-0-0\" ><div class=\"so-widget-sow-headline so-widget-sow-headline-default-423a2b036c8a\"><div class=\"sow-headline-container \">\n\t<h1 class='sow-headline'>TERMINE<\/h1><\/div><\/div><\/div><\/div><div id=\"panel-542-2-0-1\" class=\"so-panel widget widget_sow-image panel-last-child\" data-index=\"3\" ><div class=\"panel-widget-style panel-widget-style-for-542-2-0-1\" ><div class=\"so-widget-sow-image so-widget-sow-image-default-d6014b76747a\">\n\n<div class=\"sow-image-container\">\n\t<img src=\"https:\/\/playingup.de\/wp-content\/uploads\/2017\/05\/playing_up_drawings_black_background12-e1499348261706.jpg\" width=\"419\" height=\"419\" srcset=\"https:\/\/playingup.de\/wp-content\/uploads\/2017\/05\/playing_up_drawings_black_background12-e1499348261706.jpg 419w, https:\/\/playingup.de\/wp-content\/uploads\/2017\/05\/playing_up_drawings_black_background12-e1499348261706-150x150.jpg 150w, https:\/\/playingup.de\/wp-content\/uploads\/2017\/05\/playing_up_drawings_black_background12-e1499348261706-300x300.jpg 300w\" sizes=\"(max-width: 419px) 100vw, 419px\" title=\"playing_up_drawings_black_background12\" alt=\"\" \t\tclass=\"so-widget-image\"\/>\n<\/div>\n\n<\/div><\/div><\/div><\/div><div id=\"pgc-542-2-1\"  class=\"panel-grid-cell\" ><div id=\"panel-542-2-1-0\" class=\"so-panel widget widget_sow-editor panel-first-child panel-last-child\" data-index=\"4\" ><div class=\"panel-widget-style panel-widget-style-for-542-2-1-0\" ><div class=\"so-widget-sow-editor so-widget-sow-editor-base\">\n<div class=\"siteorigin-widget-tinymce textwidget\">\n\t<p><em>Hamburg<\/em><br \/>\n<a href=\"https:\/\/www.fundus-theater.de\/playing-up\"><b>\u00d6FFENTLICHES PLAY-IN<\/b><\/a><br \/>\n04. Mai 2024 14 - 18 Uhr<\/p>\n<p>FT <span class=\"w8qArf\">\u00a0<\/span><a tabindex=\"0\" href=\"https:\/\/www.google.com\/maps\/place\/\/data=!4m2!3m1!1s0x47b18eb99f61446f:0xbda500136106faa0?sa=X&amp;ved=1t:8290&amp;ictx=111\" data-url=\"\/maps\/place\/\/data=!4m2!3m1!1s0x47b18eb99f61446f:0xbda500136106faa0?sa=X&amp;ved=2ahUKEwiLjL32gpKFAxW6X_EDHaVeA7cQ4kB6BAgXEAA\">Platz der Kinderrechte, Sievekingdamm 3, 20535 Hamburg<\/a><\/p>\n<p>Auf Autod\u00e4chern liegen, mit Tieren tanzen, eine Ketchupschlacht veranstalten, einem zuf\u00e4llig Vor\u00fcbergehenden durch die Stadt folgen, Erwachsene fernsteuern, eine eigene Sportart erfinden, Wunder suchen, elektrische Ger\u00e4te auseinandernehmen, eine \u201eWas-passiert-dann-Maschine\u201c bauen - mit PLAYING UP wird Performancekunst zu einem Spiel, in dem Kinder und Erwachsene sich anders begegnen k\u00f6nnen als sonst. Mit PLAYING UP k\u00f6nnt Ihr herausfinden, was Performancekunst f\u00fcr Euch ist. Daf\u00fcr gibt es nur eine Voraussetzung \u2013 MACHEN. SELBERMACHEN!<\/p>\n<\/div>\n<\/div><\/div><\/div><\/div><\/div><\/div><\/div>","protected":false},"excerpt":{"rendered":"<p>TERMINE 1 PLAYING UP das ist Performancekunst f\u00fcr alle zum Selbermachen, in \u00f6ffentlichen PLAY INs spielen Familien, Freunde, Kinder und Erwachsene PLAYING UP zusammen \u2013 im Theater, im Museum und im \u00f6ffentlichen Raum. Einfach vorbeikommen und losspielen! PLAY INs sind kostenlos. Kulturinstitutionen, die ein \u00f6ffentliches PLAY IN veranstalten wollen, melden sich unter: \u00a0 post@fundus-theater.de TERMINE [&hellip;]<\/p>\n","protected":false},"author":1,"featured_media":0,"parent":0,"menu_order":0,"comment_status":"closed","ping_status":"closed","template":"","meta":[],"_links":{"self":[{"href":"https:\/\/playingup.de\/index.php?rest_route=\/wp\/v2\/pages\/542"}],"collection":[{"href":"https:\/\/playingup.de\/index.php?rest_route=\/wp\/v2\/pages"}],"about":[{"href":"https:\/\/playingup.de\/index.php?rest_route=\/wp\/v2\/types\/page"}],"author":[{"embeddable":true,"href":"https:\/\/playingup.de\/index.php?rest_route=\/wp\/v2\/users\/1"}],"replies":[{"embeddable":true,"href":"https:\/\/playingup.de\/index.php?rest_route=%2Fwp%2Fv2%2Fcomments&post=542"}],"version-history":[{"count":142,"href":"https:\/\/playingup.de\/index.php?rest_route=\/wp\/v2\/pages\/542\/revisions"}],"predecessor-version":[{"id":1072,"href":"https:\/\/playingup.de\/index.php?rest_route=\/wp\/v2\/pages\/542\/revisions\/1072"}],"wp:attachment":[{"href":"https:\/\/playingup.de\/index.php?rest_route=%2Fwp%2Fv2%2Fmedia&parent=542"}],"curies":[{"name":"wp","href":"https:\/\/api.w.org\/{rel}","templated":true}]}}