{"id":504,"date":"2017-06-13T10:26:02","date_gmt":"2017-06-13T10:26:02","guid":{"rendered":"http:\/\/playingup.de\/?page_id=504"},"modified":"2017-07-11T08:42:38","modified_gmt":"2017-07-11T08:42:38","slug":"about","status":"publish","type":"page","link":"https:\/\/playingup.de\/?page_id=504","title":{"rendered":"ABOUT"},"content":{"rendered":"<div id=\"pl-504\"  class=\"panel-layout\" ><div id=\"pg-504-0\"  class=\"panel-grid panel-has-style\" ><div class=\"siteorigin-panels-stretch panel-row-style panel-row-style-for-504-0\" data-stretch-type=\"full-stretched\" ><div id=\"pgc-504-0-0\"  class=\"panel-grid-cell\" ><div id=\"panel-504-0-0-0\" class=\"so-panel widget widget_sow-hero panel-first-child panel-last-child\" data-index=\"0\" ><div class=\"so-widget-sow-hero so-widget-sow-hero-default-b4a9359c53a8 so-widget-fittext-wrapper\"><div class=\"sow-slider-base \" style=\"display: none\"><ul class=\"sow-slider-images\" data-settings=\"{&quot;pagination&quot;:true,&quot;speed&quot;:800,&quot;timeout&quot;:8000,&quot;swipe&quot;:true,&quot;nav_always_show_mobile&quot;:&quot;&quot;,&quot;breakpoint&quot;:&quot;780px&quot;}\">\t\t<li class=\"sow-slider-image  sow-slider-image-cover\" style=\"background-color: #333333;background-image: url(https:\/\/playingup.de\/wp-content\/uploads\/2017\/06\/P_U_pack_shot_web_image_01-800x524@2x.jpg)\" >\n\t\t\t\t\t<div class=\"sow-slider-image-container\">\n\t\t\t<div class=\"sow-slider-image-wrapper\">\n\t\t\t\t<h1 style=\"text-align: center\">DAS SPIEL<\/h1>\t\t\t<\/div>\n\t\t<\/div>\n\t\t\t\t<\/li>\n\t\t<\/ul>\t\t\t\t<ol class=\"sow-slider-pagination\">\n\t\t\t\t\t\t\t\t\t\t\t<li><a href=\"#\" data-goto=\"0\" aria-label=\"display slide 1\">1<\/a><\/li>\n\t\t\t\t\t\t\t\t\t<\/ol>\n\n\t\t\t\t<div class=\"sow-slide-nav sow-slide-nav-next\">\n\t\t\t\t\t<a href=\"#\" data-goto=\"next\" aria-label=\"next slide\" data-action=\"next\">\n\t\t\t\t\t\t<em class=\"sow-sld-icon-thick-rounded-right\"><\/em>\n\t\t\t\t\t<\/a>\n\t\t\t\t<\/div>\n\n\t\t\t\t<div class=\"sow-slide-nav sow-slide-nav-prev\">\n\t\t\t\t\t<a href=\"#\" data-goto=\"previous\" aria-label=\"previous slide\" data-action=\"prev\">\n\t\t\t\t\t\t<em class=\"sow-sld-icon-thick-rounded-left\"><\/em>\n\t\t\t\t\t<\/a>\n\t\t\t\t<\/div>\n\t\t\t\t<\/div><\/div><\/div><\/div><\/div><\/div><div id=\"pg-504-1\"  class=\"panel-grid panel-has-style\" ><div class=\"panel-row-style panel-row-style-for-504-1\" ><div id=\"pgc-504-1-0\"  class=\"panel-grid-cell\" ><div id=\"panel-504-1-0-0\" class=\"so-panel widget widget_sow-headline panel-first-child panel-last-child\" data-index=\"1\" ><div class=\"panel-widget-style panel-widget-style-for-504-1-0-0\" ><div class=\"so-widget-sow-headline so-widget-sow-headline-default-423a2b036c8a\"><div class=\"sow-headline-container \">\n\t<h1 class='sow-headline'>\u00dcBERS SPIEL<\/h1><\/div><\/div><\/div><\/div><\/div><\/div><\/div><div id=\"pg-504-2\"  class=\"panel-grid panel-has-style\" ><div class=\"siteorigin-panels-stretch panel-row-style panel-row-style-for-504-2\" data-stretch-type=\"full\" ><div id=\"pgc-504-2-0\"  class=\"panel-grid-cell\" ><div id=\"panel-504-2-0-0\" class=\"so-panel widget widget_sow-headline panel-first-child\" data-index=\"2\" ><div class=\"panel-widget-style panel-widget-style-for-504-2-0-0\" ><div class=\"so-widget-sow-headline so-widget-sow-headline-default-b29d367def4d\"><div class=\"sow-headline-container \">\n\t<h1 class='sow-headline'>... F\u00dcR ERWACHSENE<\/h1><h3 class='sow-sub-headline'>PLAYING UP ist eine spielerische Einf\u00fchrung in die Performancekunst - geeignet f\u00fcr jedes Alter und f\u00fcr ganz untschiedliche Kontexte, vom Spielenachmittag bis zur k\u00fcnstlerischen Produktion. PLAYING UP basiert auf 15 Jahren Erfahrung in der Performancekunst mit Kindern. Es macht nicht nur Performancekunst f\u00fcr Kinder verst\u00e4ndlich, sondern wirft gleich einen frischen Blick auf die Kunstfform. PLAYING UP f\u00f6rdert kulturelle Bildung, Kreativit\u00e4t und den Austausch zwischen den Generationen.<\/h3><\/div><\/div><\/div><\/div><div id=\"panel-504-2-0-1\" class=\"so-panel widget widget_sow-image\" data-index=\"3\" ><div class=\"panel-widget-style panel-widget-style-for-504-2-0-1\" ><div class=\"so-widget-sow-image so-widget-sow-image-default-d6014b76747a\">\n\n<div class=\"sow-image-container\">\n\t<img src=\"https:\/\/playingup.de\/wp-content\/uploads\/2017\/05\/playing_up_drawings17-e1499348802698.jpg\" width=\"419\" height=\"419\" srcset=\"https:\/\/playingup.de\/wp-content\/uploads\/2017\/05\/playing_up_drawings17-e1499348802698.jpg 419w, https:\/\/playingup.de\/wp-content\/uploads\/2017\/05\/playing_up_drawings17-e1499348802698-150x150.jpg 150w, https:\/\/playingup.de\/wp-content\/uploads\/2017\/05\/playing_up_drawings17-e1499348802698-300x300.jpg 300w\" sizes=\"(max-width: 419px) 100vw, 419px\" title=\"playing_up_drawings17\" alt=\"\" \t\tclass=\"so-widget-image\"\/>\n<\/div>\n\n<\/div><\/div><\/div><div id=\"panel-504-2-0-2\" class=\"so-panel widget widget_sow-headline\" data-index=\"4\" ><div class=\"panel-widget-style panel-widget-style-for-504-2-0-2\" ><div class=\"so-widget-sow-headline so-widget-sow-headline-default-b29d367def4d\"><div class=\"sow-headline-container \">\n\t<h1 class='sow-headline'>... F\u00dcR ALLE<\/h1><h3 class='sow-sub-headline'>Mit PLAYING UP wird Performancekunst zu einem Spiel, in dem Kinder und Erwachsene sich anders begegnen k\u00f6nnen als sonst. Mit PLAYING UP k\u00f6nnt Ihr herausfinden, was Performancekunst f\u00fcr Euch ist. Daf\u00fcr gibt es nur eine Vorraussetzung - MACHEN. SELBER MACHEN: Auf Autod\u00e4chern liegen, mit Tieren tanzen, eine Ketchupschlacht veranstalten, einem zuf\u00e4llig Vor\u00fcbergehenden durch die Stadt folgen, Erwachsene fernsteuern, eine eigene Sportart erfinden, Wunder suchen, elektrische Ger\u00e4te auseinandernehmen, eine \"Was-passiert-dann-Maschine\" bauen u.v.m.<\/h3><\/div><\/div><\/div><\/div><div id=\"panel-504-2-0-3\" class=\"so-panel widget widget_sow-image panel-last-child\" data-index=\"5\" ><div class=\"panel-widget-style panel-widget-style-for-504-2-0-3\" ><div class=\"so-widget-sow-image so-widget-sow-image-default-d6014b76747a\">\n\n<div class=\"sow-image-container\">\n\t<img src=\"https:\/\/playingup.de\/wp-content\/uploads\/2017\/05\/playing_up_drawings21-e1499348859374.jpg\" width=\"419\" height=\"419\" srcset=\"https:\/\/playingup.de\/wp-content\/uploads\/2017\/05\/playing_up_drawings21-e1499348859374.jpg 419w, https:\/\/playingup.de\/wp-content\/uploads\/2017\/05\/playing_up_drawings21-e1499348859374-150x150.jpg 150w, https:\/\/playingup.de\/wp-content\/uploads\/2017\/05\/playing_up_drawings21-e1499348859374-300x300.jpg 300w\" sizes=\"(max-width: 419px) 100vw, 419px\" title=\"playing_up_drawings21\" alt=\"\" \t\tclass=\"so-widget-image\"\/>\n<\/div>\n\n<\/div><\/div><\/div><\/div><div id=\"pgc-504-2-1\"  class=\"panel-grid-cell\" ><div id=\"panel-504-2-1-0\" class=\"so-panel widget widget_sow-image panel-first-child\" data-index=\"6\" ><div class=\"panel-widget-style panel-widget-style-for-504-2-1-0\" ><div class=\"so-widget-sow-image so-widget-sow-image-default-d6014b76747a\">\n\n<div class=\"sow-image-container\">\n\t<img src=\"https:\/\/playingup.de\/wp-content\/uploads\/2017\/05\/playing_up_drawings14-e1499348587799.jpg\" width=\"419\" height=\"419\" srcset=\"https:\/\/playingup.de\/wp-content\/uploads\/2017\/05\/playing_up_drawings14-e1499348587799.jpg 419w, https:\/\/playingup.de\/wp-content\/uploads\/2017\/05\/playing_up_drawings14-e1499348587799-150x150.jpg 150w, https:\/\/playingup.de\/wp-content\/uploads\/2017\/05\/playing_up_drawings14-e1499348587799-300x300.jpg 300w\" sizes=\"(max-width: 419px) 100vw, 419px\" title=\"playing_up_drawings14\" alt=\"\" \t\tclass=\"so-widget-image\"\/>\n<\/div>\n\n<\/div><\/div><\/div><div id=\"panel-504-2-1-1\" class=\"so-panel widget widget_sow-headline\" data-index=\"7\" ><div class=\"panel-widget-style panel-widget-style-for-504-2-1-1\" ><div class=\"so-widget-sow-headline so-widget-sow-headline-default-b29d367def4d\"><div class=\"sow-headline-container \">\n\t<h1 class='sow-headline'>... F\u00dcR KINDER<\/h1><h3 class='sow-sub-headline'>Wenn ihr den Teil rechts gelesen habt, wisst Ihr ja, dass wir den Erwachsenen erz\u00e4hlt haben, PLAYING UP sei kulturelle Bildung und f\u00f6rdere Kreativit\u00e4t. Tats\u00e4chlich ist PLAYING UP dazu gedacht, Erwachsene die unglaublichsten und merkw\u00fcrdigsten Dinge tun zu lassen. Ihr werdet sehen - Erwachsene sind fast zu allem bereit, wenn es um Eure kulturelle Bildung geht.<\/h3><\/div><\/div><\/div><\/div><div id=\"panel-504-2-1-2\" class=\"so-panel widget widget_sow-image\" data-index=\"8\" ><div class=\"panel-widget-style panel-widget-style-for-504-2-1-2\" ><div class=\"so-widget-sow-image so-widget-sow-image-default-d6014b76747a\">\n\n<div class=\"sow-image-container\">\n\t<img src=\"https:\/\/playingup.de\/wp-content\/uploads\/2017\/05\/playing_up_drawings11-e1499348669295.jpg\" width=\"419\" height=\"419\" srcset=\"https:\/\/playingup.de\/wp-content\/uploads\/2017\/05\/playing_up_drawings11-e1499348669295.jpg 419w, https:\/\/playingup.de\/wp-content\/uploads\/2017\/05\/playing_up_drawings11-e1499348669295-150x150.jpg 150w, https:\/\/playingup.de\/wp-content\/uploads\/2017\/05\/playing_up_drawings11-e1499348669295-300x300.jpg 300w\" sizes=\"(max-width: 419px) 100vw, 419px\" title=\"playing_up_drawings11\" alt=\"\" \t\tclass=\"so-widget-image\"\/>\n<\/div>\n\n<\/div><\/div><\/div><div id=\"panel-504-2-1-3\" class=\"so-panel widget widget_sow-headline panel-last-child\" data-index=\"9\" ><div class=\"panel-widget-style panel-widget-style-for-504-2-1-3\" ><div class=\"so-widget-sow-headline so-widget-sow-headline-default-b29d367def4d\"><div class=\"sow-headline-container \">\n\t<h1 class='sow-headline'>\u2026 f\u00fcr Vermittler*innen<\/h1><h3 class='sow-sub-headline'>Kinder und Jugendliche finden meist einen direkten Zugang zur Performancekunst, dennoch ist ihnen die Kunstform als solche meist v\u00f6llig unbekannt. Im Unterschied zu allen anderen Kunstformen ist die Performancekunst bisher kaum Teil von Curricula und Vermittlungsprogrammen. PLAYING UP kann diese L\u00fccke zu schlie\u00dfen. <\/h3><\/div><\/div><\/div><\/div><\/div><\/div><\/div><div id=\"pg-504-3\"  class=\"panel-grid panel-has-style\" ><div class=\"panel-row-style panel-row-style-for-504-3\" ><div id=\"pgc-504-3-0\"  class=\"panel-grid-cell\" ><div id=\"panel-504-3-0-0\" class=\"so-panel widget widget_sow-headline panel-first-child panel-last-child\" data-index=\"10\" ><div class=\"panel-widget-style panel-widget-style-for-504-3-0-0\" ><div class=\"so-widget-sow-headline so-widget-sow-headline-default-423a2b036c8a\"><div class=\"sow-headline-container \">\n\t<h1 class='sow-headline'>STIMMEN \u00dcBERS SPIEL<\/h1><\/div><\/div><\/div><\/div><\/div><\/div><\/div><div id=\"pg-504-4\"  class=\"panel-grid panel-has-style\" ><div class=\"siteorigin-panels-stretch panel-row-style panel-row-style-for-504-4\" data-stretch-type=\"full\" ><div id=\"pgc-504-4-0\"  class=\"panel-grid-cell\" ><div id=\"panel-504-4-0-0\" class=\"so-panel widget widget_sow-headline panel-first-child\" data-index=\"11\" ><div class=\"panel-widget-style panel-widget-style-for-504-4-0-0\" ><div class=\"so-widget-sow-headline so-widget-sow-headline-default-b407bc32a794\"><div class=\"sow-headline-container \">\n\t<h1 class='sow-headline'>Sibylle Peters, Autorin:<\/h1><\/div><\/div><\/div><\/div><div id=\"panel-504-4-0-1\" class=\"so-panel widget widget_sow-editor panel-last-child\" data-index=\"12\" ><div class=\"panel-widget-style panel-widget-style-for-504-4-0-1\" ><div class=\"so-widget-sow-editor so-widget-sow-editor-base\">\n<div class=\"siteorigin-widget-tinymce textwidget\">\n\t<p>\"PLAYING UP ist f\u00fcr uns ein gro\u00dfes Abenteuer.<br \/>\nEs begann, als die Live Art Development Agency in London uns fragte, ob wir eine Box mit Materialien zur Vermittlung von Performancekunst an Kinder entwickeln k\u00f6nnten. Seit vielen Jahren nutzen wir Performancekunst f\u00fcr unsere eigenen, generationen\u00fcbergreifenden Forschungsprojekte. Und in der Tat: Kinder wissen oft Bescheid \u00fcber Musik, Literatur, Theater, Tanz und Malerei, nur von Performancekunst haben die meisten noch nie etwas geh\u00f6rt.<br \/>\nDabei ist Performancekunst oft wie f\u00fcr Kinder gemacht, oder von ihnen. Durch die Anfrage aus London kamen wir also ins Nachdenken \u00fcber Performancekunst, Kinder und Erwachsene. Entstanden ist daraus PLAYING UP - nicht nur eine Box mit Materialien zur Vermittlung, sondern ein aufregendes Spiel, in dem Kinder und Erwachsene sich anders begegnen k\u00f6nnen als sonst. Und zwar indem sie zu Performancek\u00fcnstler*innen werden und sich gemeinsam ber\u00fchmte Aktionen aus der Geschichte der Performancekunst zueigen machen. Aber was ist Performancekunst eigentlich? Sicher ist, dass Performancekunst live ist, lebendig. Deshalb ver\u00e4ndert sie sich auch st\u00e4ndig, genau wie wir selbst. Alles M\u00f6gliche kann sich in Performancekunst verwandeln. Und vielleicht ist Performancekunst f\u00fcr jedeN von uns etwas anderes, weil wir alle auf eine andere Weise lebendig sind. Au\u00dferdem hei\u00dft Performancekunst nat\u00fcrlich, dass man mit Sachen spielt, mit denen man normalerweise gar nicht spielen darf.<br \/>\nZum Beispiel indem man Kleider aus Essen macht, oder alte Elektroger\u00e4te auseinandernimmt, um etwas Neues daraus zu bauen. Performancekunst hei\u00dft auch, sich etwas zu trauen. Es geht ums Riechen und Sp\u00fcren und Schreien, und darum sich selbst mal ganz anders zu sehen, es geht darum, in eine andere Welt zu reisen, die gleich um die Ecke ist, und unterwegs Wunder zu sammeln, es geht darum in Erinnerungen zu schwelgen, darum den Kleiderschrank zu durchst\u00f6bern, sich neue Sportarten auszudenken und zum Tier zu werden.\"<\/p>\n<\/div>\n<\/div><\/div><\/div><\/div><div id=\"pgc-504-4-1\"  class=\"panel-grid-cell\" ><div id=\"panel-504-4-1-0\" class=\"so-panel widget widget_sow-headline panel-first-child\" data-index=\"13\" ><div class=\"panel-widget-style panel-widget-style-for-504-4-1-0\" ><div class=\"so-widget-sow-headline so-widget-sow-headline-default-b29d367def4d\"><div class=\"sow-headline-container \">\n\t<h1 class='sow-headline'>Oshin Biswas (10 J.)<\/h1><h3 class='sow-sub-headline'>\"Ich wusste gar nicht, dass ein Spiel zu spielen Kunst sein kann.\"<\/h3><\/div><\/div><\/div><\/div><div id=\"panel-504-4-1-1\" class=\"so-panel widget widget_sow-headline\" data-index=\"14\" ><div class=\"panel-widget-style panel-widget-style-for-504-4-1-1\" ><div class=\"so-widget-sow-headline so-widget-sow-headline-default-b29d367def4d\"><div class=\"sow-headline-container \">\n\t<h1 class='sow-headline'>The Guardian<\/h1><h3 class='sow-sub-headline'>\"[...] PLAYING UP liefert die Mittel, um etwas zu riskieren, Handlungsf\u00e4higkeit zur\u00fcckzuerobern und Machtverh\u00e4ltnisse infrage zu stellen. Dabei macht es Spa\u00df und ist Kunst. \"<\/h3><\/div><\/div><\/div><\/div><div id=\"panel-504-4-1-2\" class=\"so-panel widget widget_sow-headline\" data-index=\"15\" ><div class=\"panel-widget-style panel-widget-style-for-504-4-1-2\" ><div class=\"so-widget-sow-headline so-widget-sow-headline-default-b29d367def4d\"><div class=\"sow-headline-container \">\n\t<h1 class='sow-headline'>Robert Daniels <\/h1><h3 class='sow-sub-headline'>\u201eOhne Zweifel eine der wichtigsten Publikationen zu Performancekunst f\u00fcr Kinder weltweit.\u201c <\/h3><\/div><\/div><\/div><\/div><div id=\"panel-504-4-1-3\" class=\"so-panel widget widget_sow-headline panel-last-child\" data-index=\"16\" ><div class=\"panel-widget-style panel-widget-style-for-504-4-1-3\" ><div class=\"so-widget-sow-headline so-widget-sow-headline-default-b29d367def4d\"><div class=\"sow-headline-container \">\n\t<h1 class='sow-headline'>Susan Sheddan, Direktorin von Tate Families<\/h1><h3 class='sow-sub-headline'>\u201eTate Families are thrilled to have had this opportunity to work with Theatre of Research, to be informed by their pioneering approaches and to have the privilege of being involved in a partnership project led by their exceptional expertise. For Tate Families, this partnership has been invaluable at a new stage in our development and focus on working with intergenerational audiences through Live art practices.\"<\/h3><\/div><\/div><\/div><\/div><\/div><\/div><\/div><div id=\"pg-504-5\"  class=\"panel-grid panel-has-style\" ><div class=\"panel-row-style panel-row-style-for-504-5\" ><div id=\"pgc-504-5-0\"  class=\"panel-grid-cell\" ><div id=\"panel-504-5-0-0\" class=\"so-panel widget widget_sow-headline panel-first-child\" data-index=\"17\" ><div class=\"panel-widget-style panel-widget-style-for-504-5-0-0\" ><div class=\"so-widget-sow-headline so-widget-sow-headline-default-c391f3b1b2d6\"><div class=\"sow-headline-container \">\n\t<h1 class='sow-headline'>Folgende K\u00fcnstler*innen und Aktionen werden auf den 36 Karten des Spiels pr\u00e4sentiert<\/h1>\t\t\t\t\t<div class=\"decoration\">\n\t\t\t\t\t\t<div class=\"decoration-inside\"><\/div>\n\t\t\t\t\t<\/div>\n\t\t\t\t\t<\/div><\/div><\/div><\/div><div id=\"panel-504-5-0-1\" class=\"so-panel widget widget_sow-editor panel-last-child\" data-index=\"18\" ><div class=\"panel-widget-style panel-widget-style-for-504-5-0-1\" ><div class=\"so-widget-sow-editor so-widget-sow-editor-base\">\n<div class=\"siteorigin-widget-tinymce textwidget\">\n\t<p>Mammalian Diving Reflex <strong>Haircuts by Children<\/strong><br \/>\nSantiago Sierra Person <strong>Saying a Phrase<\/strong><br \/>\nMad for Real <strong>Soya Sauce and Ketchup Fight<\/strong><br \/>\nThe Guerrilla Girls<br \/>\nMarina Abramovic <strong>Freeing the Voice<\/strong><br \/>\nTehching Hsieh <strong>Rope Piece<\/strong><br \/>\nDennis Oppenheim <strong>Two Stage Transfer Drawing<\/strong><br \/>\nJana Sterbak<strong> Remote Control<\/strong><br \/>\nMarcel Duchamp <strong>Rrose S\u00e9lavy<\/strong><br \/>\n<strong>Curious On The Scent<\/strong><br \/>\nJudy Clark <strong>Issues<\/strong><br \/>\nHarold Offeh <strong>Covers<\/strong><br \/>\nShowcase Beat le Mot <strong>Blindenfu\u00dfball<\/strong><br \/>\nSituationist International <strong>Psychogeographie<\/strong><br \/>\nMarcia Farquhar <strong>Acts of Clothing<\/strong><br \/>\nJoshua Sofaer <strong>Name in Lights<\/strong><\/p>\n<\/div>\n<\/div><\/div><\/div><\/div><div id=\"pgc-504-5-1\"  class=\"panel-grid-cell\" ><div id=\"panel-504-5-1-0\" class=\"so-panel widget widget_sow-editor panel-first-child panel-last-child\" data-index=\"19\" ><div class=\"panel-widget-style panel-widget-style-for-504-5-1-0\" ><div class=\"so-widget-sow-editor so-widget-sow-editor-base\">\n<div class=\"siteorigin-widget-tinymce textwidget\">\n\t<p>Jeremy Deller<strong> The Battle of Orgreave<br \/>\n<\/strong>Forced Entertainment<strong> Tomorrow\u2019s Parties<br \/>\n<\/strong>Joseph Beuys<strong> Fettecke<br \/>\n<\/strong>Lone Twin<strong> Beastie<br \/>\n<\/strong>Yoko Ono &amp; John Lennon<strong> Bagism<br \/>\n<\/strong>David Weber-Krebs &amp; Maximilian Haas<strong> Balthazar<br \/>\n<\/strong>VALIE EXPORT\u00a0&amp; Peter Weibel<strong> From The Portfolio Of Doggedness<br \/>\n<\/strong>Bobby Baker<strong> Cooking the Sunday Dinner<br \/>\n<\/strong>George Brecht<strong> Drip Music<br \/>\n<\/strong>Eva Meyer Keller &amp; Sybille M\u00fcller<strong> Bauen nach Katastrophen<br \/>\n<\/strong>Martha Rosler<strong> Semiotics of the Kitchen<br \/>\n<\/strong>Bow Gamelan Ensemble<strong> Concrete Barges<br \/>\n<\/strong>Stephen Cripps<strong> Roundabout for a Crashed Helicopter<br \/>\n<\/strong>Zoe Laughlin<strong> The Performativity of Matter<br \/>\n<\/strong>Peter Fischli &amp; David Weiss<strong> The Way Things Go.<\/strong><br \/>\nVito Acconci <strong>Following Piece<\/strong><br \/>\nChris Burden <strong>Trans-Fixed<\/strong><br \/>\nMike Pearson <strong>Bubbling Tom<\/strong><br \/>\nAaron Williamson <strong>Barrierman<\/strong><br \/>\nForschungstheater\/geheimagentur <strong>Anleitung zur Wundersuche<\/strong><\/p>\n<\/div>\n<\/div><\/div><\/div><\/div><\/div><\/div><\/div>","protected":false},"excerpt":{"rendered":"<p>DAS SPIEL 1 \u00dcBERS SPIEL &#8230; F\u00dcR ERWACHSENEPLAYING UP ist eine spielerische Einf\u00fchrung in die Performancekunst &#8211; geeignet f\u00fcr jedes Alter und f\u00fcr ganz untschiedliche Kontexte, vom Spielenachmittag bis zur k\u00fcnstlerischen Produktion. PLAYING UP basiert auf 15 Jahren Erfahrung in der Performancekunst mit Kindern. Es macht nicht nur Performancekunst f\u00fcr Kinder verst\u00e4ndlich, sondern wirft gleich [&hellip;]<\/p>\n","protected":false},"author":1,"featured_media":0,"parent":0,"menu_order":0,"comment_status":"closed","ping_status":"closed","template":"","meta":[],"_links":{"self":[{"href":"https:\/\/playingup.de\/index.php?rest_route=\/wp\/v2\/pages\/504"}],"collection":[{"href":"https:\/\/playingup.de\/index.php?rest_route=\/wp\/v2\/pages"}],"about":[{"href":"https:\/\/playingup.de\/index.php?rest_route=\/wp\/v2\/types\/page"}],"author":[{"embeddable":true,"href":"https:\/\/playingup.de\/index.php?rest_route=\/wp\/v2\/users\/1"}],"replies":[{"embeddable":true,"href":"https:\/\/playingup.de\/index.php?rest_route=%2Fwp%2Fv2%2Fcomments&post=504"}],"version-history":[{"count":83,"href":"https:\/\/playingup.de\/index.php?rest_route=\/wp\/v2\/pages\/504\/revisions"}],"predecessor-version":[{"id":983,"href":"https:\/\/playingup.de\/index.php?rest_route=\/wp\/v2\/pages\/504\/revisions\/983"}],"wp:attachment":[{"href":"https:\/\/playingup.de\/index.php?rest_route=%2Fwp%2Fv2%2Fmedia&parent=504"}],"curies":[{"name":"wp","href":"https:\/\/api.w.org\/{rel}","templated":true}]}}